{"id":50,"date":"2024-01-13T07:41:29","date_gmt":"2024-01-13T07:41:29","guid":{"rendered":"https:\/\/socialnc.org\/b\/?page_id=50"},"modified":"2024-01-24T04:28:55","modified_gmt":"2024-01-24T04:28:55","slug":"ayuda","status":"publish","type":"page","link":"https:\/\/socialnc.org\/b\/ayuda\/","title":{"rendered":"Ayuda"},"content":{"rendered":"\n<h2 class=\"wp-block-heading\">Art\u00edculos de ayuda<\/h2>\n\n\n\n<div style=\"height:17px\" aria-hidden=\"true\" class=\"wp-block-spacer\"><\/div>\n\n\n\n<p>Puedes ver todos los art\u00edculos de ayuda desde aqu\u00ed:<\/p>\n\n\n\n<div class=\"wp-block-buttons is-layout-flex wp-block-buttons-is-layout-flex\">\n<div class=\"wp-block-button\"><a class=\"wp-block-button__link wp-element-button\" href=\"https:\/\/socialnc.org\/b\/category\/ayuda\/\">Art\u00edculos de ayuda de SocialNC<\/a><\/div>\n<\/div>\n\n\n\n<div style=\"height:40px\" aria-hidden=\"true\" class=\"wp-block-spacer\"><\/div>\n\n\n\n<p>Los tutoriales y gu\u00edas de usuario sobre Xablyte (el n\u00facleo de la red social comercializada por SocialNC) son los art\u00edculos destinados a ayudar a un usuario de una red social creada con SocialNC, por lo que son las gu\u00edas destinas a los usuarios de tus redes sociales creadas con nosotros. Puedes encontrarlos aqu\u00ed:<\/p>\n\n\n\n<div class=\"wp-block-buttons is-layout-flex wp-block-buttons-is-layout-flex\">\n<div class=\"wp-block-button\"><a class=\"wp-block-button__link wp-element-button\" href=\"https:\/\/socialncsupport.chijete.com\/\">Gu\u00edas de usuario de Xablyte<\/a><\/div>\n<\/div>\n\n\n\n<div style=\"height:50px\" aria-hidden=\"true\" class=\"wp-block-spacer\"><\/div>\n\n\n<form role=\"search\" method=\"get\" action=\"https:\/\/socialnc.org\/b\/\" class=\"wp-block-search__button-outside wp-block-search__icon-button wp-block-search\"    ><label class=\"wp-block-search__label\" for=\"wp-block-search__input-1\" >Buscar en todo el blog<\/label><div class=\"wp-block-search__inside-wrapper\" ><input class=\"wp-block-search__input\" id=\"wp-block-search__input-1\" placeholder=\"\" value=\"\" type=\"search\" name=\"s\" required \/><button aria-label=\"Buscar\" class=\"wp-block-search__button has-icon wp-element-button\" type=\"submit\" ><svg class=\"search-icon\" viewBox=\"0 0 24 24\" width=\"24\" height=\"24\">\n\t\t\t\t\t<path d=\"M13 5c-3.3 0-6 2.7-6 6 0 1.4.5 2.7 1.3 3.7l-3.8 3.8 1.1 1.1 3.8-3.8c1 .8 2.3 1.3 3.7 1.3 3.3 0 6-2.7 6-6S16.3 5 13 5zm0 10.5c-2.5 0-4.5-2-4.5-4.5s2-4.5 4.5-4.5 4.5 2 4.5 4.5-2 4.5-4.5 4.5z\"><\/path>\n\t\t\t\t<\/svg><\/button><\/div><\/form>\n\n\n<div style=\"height:37px\" aria-hidden=\"true\" class=\"wp-block-spacer\"><\/div>\n\n\n\n<h4 class=\"wp-block-heading\">\u00daltimos art\u00edculos de ayuda<\/h4>\n\n\n<ul class=\"wp-block-latest-posts__list is-grid columns-3 wp-block-latest-posts\"><li><a class=\"wp-block-latest-posts__post-title\" href=\"https:\/\/socialnc.org\/b\/como-crear-una-red-social-con-socialnc\/\">C\u00f3mo crear una red social con SocialNC<\/a><div class=\"wp-block-latest-posts__post-excerpt\">En esta gu\u00eda aprender\u00e1s como crear tu propia red social con SocialNC. Antes de empezar Antes de poder crear tu red social tendr\u00e1s que tener listos los siguientes elementos: C\u00f3mo crear tu red social paso a paso Una vez que tengas los elementos mencionados anteriormente podr\u00e1s crear tu propia red social. Te tomar\u00e1 menos de&#8230; <a class=\"wp-block-latest-posts__read-more\" href=\"https:\/\/socialnc.org\/b\/como-crear-una-red-social-con-socialnc\/\" rel=\"noopener noreferrer\">Lee m\u00e1s<span class=\"screen-reader-text\">: C\u00f3mo crear una red social con SocialNC<\/span><\/a><\/div><\/li>\n<\/ul>\n\n\n<h2 class=\"wp-block-heading\">Cont\u00e1ctanos<\/h2>\n\n\n\n<p>Si no has podido resolver tu duda o necesitas m\u00e1s ayuda, puedes contactar a nuestra Atenci\u00f3n al cliente.<\/p>\n\n\n\n<div class=\"wp-block-buttons is-layout-flex wp-block-buttons-is-layout-flex\">\n<div class=\"wp-block-button\"><a class=\"wp-block-button__link wp-element-button\" href=\"https:\/\/socialnc.org\/a\/contact-us\/\">Atenci\u00f3n al cliente<\/a><\/div>\n<\/div>\n","protected":false},"excerpt":{"rendered":"<p>Art\u00edculos de ayuda Puedes ver todos los art\u00edculos de ayuda desde aqu\u00ed: Los tutoriales y gu\u00edas de usuario sobre Xablyte [&hellip;]<\/p>\n","protected":false},"author":1,"featured_media":0,"parent":0,"menu_order":0,"comment_status":"closed","ping_status":"closed","template":"","meta":{"site-sidebar-layout":"default","site-content-layout":"","ast-site-content-layout":"default","site-content-style":"default","site-sidebar-style":"default","ast-global-header-display":"","ast-banner-title-visibility":"","ast-main-header-display":"","ast-hfb-above-header-display":"","ast-hfb-below-header-display":"","ast-hfb-mobile-header-display":"","site-post-title":"","ast-breadcrumbs-content":"","ast-featured-img":"","footer-sml-layout":"","ast-disable-related-posts":"","theme-transparent-header-meta":"","adv-header-id-meta":"","stick-header-meta":"","header-above-stick-meta":"","header-main-stick-meta":"","header-below-stick-meta":"","astra-migrate-meta-layouts":"default","ast-page-background-enabled":"default","ast-page-background-meta":{"desktop":{"background-color":"var(--ast-global-color-4)","background-image":"","background-repeat":"repeat","background-position":"center center","background-size":"auto","background-attachment":"scroll","background-type":"","background-media":"","overlay-type":"","overlay-color":"","overlay-opacity":"","overlay-gradient":""},"tablet":{"background-color":"","background-image":"","background-repeat":"repeat","background-position":"center center","background-size":"auto","background-attachment":"scroll","background-type":"","background-media":"","overlay-type":"","overlay-color":"","overlay-opacity":"","overlay-gradient":""},"mobile":{"background-color":"","background-image":"","background-repeat":"repeat","background-position":"center center","background-size":"auto","background-attachment":"scroll","background-type":"","background-media":"","overlay-type":"","overlay-color":"","overlay-opacity":"","overlay-gradient":""}},"ast-content-background-meta":{"desktop":{"background-color":"var(--ast-global-color-5)","background-image":"","background-repeat":"repeat","background-position":"center center","background-size":"auto","background-attachment":"scroll","background-type":"","background-media":"","overlay-type":"","overlay-color":"","overlay-opacity":"","overlay-gradient":""},"tablet":{"background-color":"var(--ast-global-color-5)","background-image":"","background-repeat":"repeat","background-position":"center center","background-size":"auto","background-attachment":"scroll","background-type":"","background-media":"","overlay-type":"","overlay-color":"","overlay-opacity":"","overlay-gradient":""},"mobile":{"background-color":"var(--ast-global-color-5)","background-image":"","background-repeat":"repeat","background-position":"center center","background-size":"auto","background-attachment":"scroll","background-type":"","background-media":"","overlay-type":"","overlay-color":"","overlay-opacity":"","overlay-gradient":""}},"footnotes":""},"class_list":["post-50","page","type-page","status-publish","hentry"],"aioseo_notices":[],"_links":{"self":[{"href":"https:\/\/socialnc.org\/b\/wp-json\/wp\/v2\/pages\/50","targetHints":{"allow":["GET"]}}],"collection":[{"href":"https:\/\/socialnc.org\/b\/wp-json\/wp\/v2\/pages"}],"about":[{"href":"https:\/\/socialnc.org\/b\/wp-json\/wp\/v2\/types\/page"}],"author":[{"embeddable":true,"href":"https:\/\/socialnc.org\/b\/wp-json\/wp\/v2\/users\/1"}],"replies":[{"embeddable":true,"href":"https:\/\/socialnc.org\/b\/wp-json\/wp\/v2\/comments?post=50"}],"version-history":[{"count":13,"href":"https:\/\/socialnc.org\/b\/wp-json\/wp\/v2\/pages\/50\/revisions"}],"predecessor-version":[{"id":78,"href":"https:\/\/socialnc.org\/b\/wp-json\/wp\/v2\/pages\/50\/revisions\/78"}],"wp:attachment":[{"href":"https:\/\/socialnc.org\/b\/wp-json\/wp\/v2\/media?parent=50"}],"curies":[{"name":"wp","href":"https:\/\/api.w.org\/{rel}","templated":true}]}}